{"id":15,"date":"2016-06-06T21:35:06","date_gmt":"2016-06-06T20:35:06","guid":{"rendered":"http:\/\/www.accom.cz\/czech\/?page_id=15"},"modified":"2019-01-03T13:51:24","modified_gmt":"2019-01-03T12:51:24","slug":"kariera","status":"publish","type":"page","link":"https:\/\/www.accom.cz\/czech\/kariera\/","title":{"rendered":"Kari\u00e9ra"},"content":{"rendered":"<div id=\"kariera-levy\">\n<h3 class=\"cerny\">Aktu\u00e1ln\u00ed voln\u00e1 m\u00edsta<\/h3>\n<p>POBO\u010cKA CHOCE\u0147<br \/>\n&#8211; skladn\u00edk (pr\u00e1ce na HPP i zkr\u00e1cen\u00fd \u00favazek)<br \/>\nPOBO\u010cKA BOHU\u0160OVICE<br \/>\n&#8211; skladn\u00edk (pr\u00e1ce na HPP i zkr\u00e1cen\u00fd \u00favazek)<br \/>\n&#8211; skladov\u00e1 oper\u00e1torka (pr\u00e1ce na HPP i zkr\u00e1cen\u00fd \u00favazek)<br \/>\n&#8211; \u0159idi\u010d sk. B, sk. C<\/p>\n<h3 class=\"cerny\">Sv\u00fdm zam\u011bstnanc\u016fm nab\u00edz\u00edme \u0159adu v\u00fdhod:<\/h3>\n<p>zaj\u00edmavou a perspektivn\u00ed pr\u00e1ci,<br \/>\nosobn\u00ed a profesn\u00ed rozvoj zam\u011bstnance,<br \/>\npr\u00e1ce v kolektivu zku\u0161en\u00fdch odborn\u00edk\u016f,<br \/>\nprohlubov\u00e1n\u00ed kvalifikace na\u0161ich zam\u011bstnanc\u016f jak po odborn\u00e9, tak i po jazykov\u00e9 str\u00e1nce \u2013 kurzy, semin\u00e1\u0159e,<br \/>\nodm\u011b\u0148ov\u00e1n\u00ed dle mzdov\u00fdch tarif\u016f,<br \/>\nmodern\u00ed pracovn\u00ed prost\u0159ed\u00ed,<br \/>\nvy\u0161\u0161\u00ed n\u00e1rok na dovolenou (5 t\u00fddn\u016f),<br \/>\nr\u016fzn\u00e9 p\u0159\u00edsp\u011bvky zam\u011bstnavatele (na stravov\u00e1n\u00ed,\u2026\u2026)<\/p>\n<h3 class=\"cerny\">Od zam\u011bstnanc\u016f o\u010dek\u00e1v\u00e1me:<\/h3>\n<p>vysok\u00e9 pracovn\u00ed nasazen\u00ed,<br \/>\niniciativu a zodpov\u011bdnost,<br \/>\nflexibilitu,<br \/>\nschopnost pracovat v t\u00fdmu, ale i samostatn\u011b.<br \/>\nM\u00e1te-li z\u00e1jem u n\u00e1s pracovat a mysl\u00edte-li si, \u017ee budete pro skupinu ACCOM p\u0159\u00ednosem, kontaktujte n\u00e1s prost\u0159ednictv\u00edm odpov\u011bdn\u00edho formul\u00e1\u0159e\u00a0a\u00a0my v\u00e1m r\u00e1di poskytneme dal\u0161\u00ed informace.<br \/>\n<strong>K formul\u00e1\u0159i p\u0159ilo\u017ete strukturovan\u00e9 CV!<\/strong><\/p>\n<\/div>\n","protected":false},"excerpt":{"rendered":"<p>Aktu\u00e1ln\u00ed voln\u00e1 m\u00edsta POBO\u010cKA CHOCE\u0147 &#8211; skladn\u00edk (pr\u00e1ce na HPP i zkr\u00e1cen\u00fd \u00favazek) POBO\u010cKA BOHU\u0160OVICE &#8211; skladn\u00edk (pr\u00e1ce na HPP i zkr\u00e1cen\u00fd \u00favazek) &#8211; skladov\u00e1 oper\u00e1torka (pr\u00e1ce na HPP i zkr\u00e1cen\u00fd \u00favazek) &#8211; \u0159idi\u010d sk. B, sk. C Sv\u00fdm zam\u011bstnanc\u016fm nab\u00edz\u00edme \u0159adu v\u00fdhod: zaj\u00edmavou a perspektivn\u00ed pr\u00e1ci, osobn\u00ed a profesn\u00ed rozvoj zam\u011bstnance, pr\u00e1ce v kolektivu [&hellip;]<\/p>\n","protected":false},"author":9,"featured_media":0,"parent":0,"menu_order":0,"comment_status":"closed","ping_status":"closed","template":"","meta":[],"acf":[],"_links":{"self":[{"href":"https:\/\/www.accom.cz\/czech\/wp-json\/wp\/v2\/pages\/15"}],"collection":[{"href":"https:\/\/www.accom.cz\/czech\/wp-json\/wp\/v2\/pages"}],"about":[{"href":"https:\/\/www.accom.cz\/czech\/wp-json\/wp\/v2\/types\/page"}],"author":[{"embeddable":true,"href":"https:\/\/www.accom.cz\/czech\/wp-json\/wp\/v2\/users\/9"}],"replies":[{"embeddable":true,"href":"https:\/\/www.accom.cz\/czech\/wp-json\/wp\/v2\/comments?post=15"}],"version-history":[{"count":13,"href":"https:\/\/www.accom.cz\/czech\/wp-json\/wp\/v2\/pages\/15\/revisions"}],"predecessor-version":[{"id":316,"href":"https:\/\/www.accom.cz\/czech\/wp-json\/wp\/v2\/pages\/15\/revisions\/316"}],"wp:attachment":[{"href":"https:\/\/www.accom.cz\/czech\/wp-json\/wp\/v2\/media?parent=15"}],"curies":[{"name":"wp","href":"https:\/\/api.w.org\/{rel}","templated":true}]}}