{"id":11,"date":"2016-06-15T14:38:06","date_gmt":"2016-06-15T13:38:06","guid":{"rendered":"http:\/\/www.accom.cz\/slovakia\/?page_id=11"},"modified":"2019-02-13T08:30:47","modified_gmt":"2019-02-13T07:30:47","slug":"kariera","status":"publish","type":"page","link":"https:\/\/www.accom.cz\/slovakia\/kariera\/","title":{"rendered":"Kari\u00e9ra"},"content":{"rendered":"<div id=\"kariera-levy\">\n<h3 class=\"cerny\">Aktu\u00e1lne vo\u013en\u00e9 miesta<\/h3>\n<p><strong><span style=\"text-decoration: underline;\">Vodi\u010d n\u00e1kladn\u00e9ho automobilu<\/span><\/strong><\/p>\n<p><strong>Po\u017eiadavky na zamestnanca:<br \/>\n<\/strong>&#8211; vzdelanie stredoskolsk\u00e9 bez maturity, stredoskolsk\u00e9 s maturitou<br \/>\n&#8211; <strong>vodi\u010dsk\u00fd preukaz &#8220;C&#8221;<\/strong><br \/>\n&#8211; znalos\u0165 z\u00e1padnej \u010dasti Slovenska<br \/>\n&#8211; prax v distrib\u00facii v\u00fdhodou<br \/>\n&#8211; bez\u00fahonnos\u0165<\/p>\n<p><strong>Inform\u00e1cie o pracovnom mieste<\/strong>:<br \/>\n&#8211; n\u00e1pl\u0148 pr\u00e1ce: vodi\u010d &#8211; z\u00e1vozy tovaru potravin\u00e1rskeho charakteru<br \/>\n&#8211; v\u00fdchodiskov\u00fd bod je \u0160amor\u00edn<br \/>\n&#8211; pon\u00fakame pr\u00e1cu na trval\u00fd pracovn\u00fd pomer v stabilnej spolo\u010dnosti<\/p>\n<p><strong>Benefity:<br \/>\n<\/strong>&#8211; 5 t\u00fd\u017ed\u0148ov dovolenky<br \/>\n&#8211; stravn\u00e9 l\u00edstky<br \/>\n&#8211; bonusy\/odmeny<\/p>\n<p><strong>Term\u00edn n\u00e1stupu:<\/strong>&#8211; ihne\u010f<\/p>\n<h3 class=\"cerny\">Svojim zamestnancom pon\u00fakame mno\u017estvo v\u00fdhod:<\/h3>\n<p>Zauj\u00edmav\u00fa a perspekt\u00edvnu pr\u00e1cu<br \/>\nOsobn\u00fd a profesijn\u00fd rozvoj zamestnanca<br \/>\nPr\u00e1ca v kolekt\u00edve sk\u00fasen\u00fdch odborn\u00edkov<br \/>\nPrehlbovanie kvalifik\u00e1cie na\u0161ich zamestnancov ako po odbornejtak i po jazykovej str\u00e1nke \u2013 kurzysemin\u00e1re<br \/>\nOdme\u0148ovanie pod\u013ea mzdov\u00fdch tar\u00edf<br \/>\nModern\u00e9 pracovn\u00e9 prostredie<br \/>\nVy\u0161\u0161\u00ed n\u00e1rok na dovolenku (5 t\u00fd\u017ed\u0148ov)<br \/>\nR\u00f4zne pr\u00edspevky zamestn\u00e1vate\u013ea (na stravovanie,\u2026\u2026)<\/p>\n<h3 class=\"cerny\">Od zamestnancov o\u010dak\u00e1vame:<\/h3>\n<p>Vysok\u00e9 pracovn\u00e9 nasadenie<br \/>\nIniciat\u00edvu a zodpovednos\u0165<br \/>\nFlexibilitu<br \/>\nSchopnos\u0165 pracova\u0165 v t\u00edme, ale i samostatne<br \/>\nM\u00e1te z\u00e1ujem u n\u00e1s pracova\u0165 a mysl\u00edte si, \u017ee budete pre skupinu ACCOM pr\u00ednosom? Kontaktujte n\u00e1s a my v\u00e1m\u00a0radi poskytneme \u010fal\u0161ie inform\u00e1cie.<\/p>\n<\/div>\n","protected":false},"excerpt":{"rendered":"<p>Aktu\u00e1lne vo\u013en\u00e9 miesta Vodi\u010d n\u00e1kladn\u00e9ho automobilu Po\u017eiadavky na zamestnanca: &#8211; vzdelanie stredoskolsk\u00e9 bez maturity, stredoskolsk\u00e9 s maturitou &#8211; vodi\u010dsk\u00fd preukaz &#8220;C&#8221; &#8211; znalos\u0165 z\u00e1padnej \u010dasti Slovenska &#8211; prax v distrib\u00facii v\u00fdhodou &#8211; bez\u00fahonnos\u0165 Inform\u00e1cie o pracovnom mieste: &#8211; n\u00e1pl\u0148 pr\u00e1ce: vodi\u010d &#8211; z\u00e1vozy tovaru potravin\u00e1rskeho charakteru &#8211; v\u00fdchodiskov\u00fd bod je \u0160amor\u00edn &#8211; pon\u00fakame pr\u00e1cu na [&hellip;]<\/p>\n","protected":false},"author":9,"featured_media":0,"parent":0,"menu_order":0,"comment_status":"closed","ping_status":"closed","template":"","meta":[],"acf":[],"_links":{"self":[{"href":"https:\/\/www.accom.cz\/slovakia\/wp-json\/wp\/v2\/pages\/11"}],"collection":[{"href":"https:\/\/www.accom.cz\/slovakia\/wp-json\/wp\/v2\/pages"}],"about":[{"href":"https:\/\/www.accom.cz\/slovakia\/wp-json\/wp\/v2\/types\/page"}],"author":[{"embeddable":true,"href":"https:\/\/www.accom.cz\/slovakia\/wp-json\/wp\/v2\/users\/9"}],"replies":[{"embeddable":true,"href":"https:\/\/www.accom.cz\/slovakia\/wp-json\/wp\/v2\/comments?post=11"}],"version-history":[{"count":10,"href":"https:\/\/www.accom.cz\/slovakia\/wp-json\/wp\/v2\/pages\/11\/revisions"}],"predecessor-version":[{"id":126,"href":"https:\/\/www.accom.cz\/slovakia\/wp-json\/wp\/v2\/pages\/11\/revisions\/126"}],"wp:attachment":[{"href":"https:\/\/www.accom.cz\/slovakia\/wp-json\/wp\/v2\/media?parent=11"}],"curies":[{"name":"wp","href":"https:\/\/api.w.org\/{rel}","templated":true}]}}