{"id":5,"date":"2016-06-15T14:37:23","date_gmt":"2016-06-15T13:37:23","guid":{"rendered":"http:\/\/www.accom.cz\/slovakia\/?page_id=5"},"modified":"2018-05-10T16:59:29","modified_gmt":"2018-05-10T15:59:29","slug":"profil-spolecnosti","status":"publish","type":"page","link":"https:\/\/www.accom.cz\/slovakia\/","title":{"rendered":"Profil spole\u010dnosti"},"content":{"rendered":"<div class=\"content\">\n<div class=\"content-in\">\n<h1 id=\"profil\">O spolo\u010dnosti ACCOM Slovakia<\/h1>\n<p>Spolo\u010dnos\u0165 ACCOM Slovakia s.r.o. je \u010dlenom skupiny ACCOM holding, s.r.o. Praha. Vznikla v roku 1993 ako obchodno \u2013 distribu\u010dn\u00e1 spolo\u010dnos\u0165 s hlavn\u00fdm zameran\u00edm na distrib\u00faciu dro\u017edia, v ktorom sa rad\u00ed medzi najv\u00fdznamnej\u0161\u00edch dod\u00e1vate\u013eov na Slovensku. Spolo\u010dnos\u0165 s\u00eddli v Banskej Bystrici s pobo\u010dkou v \u0160amor\u00edne a distribu\u010dne pokr\u00fdva cel\u00e9 \u00fazemie Slovenskej republiky.<\/p>\n<p>Od roku 1996 sa portf\u00f3lio v\u00fdrobkov roz\u0161iruje o sortiment vlastn\u00fdch mliekarn\u00ed v Bohu\u0161oviciach nad Oh\u0159\u00ed a v Chocni. N\u00e1sledne prich\u00e1dza k \u010fal\u0161iemu roz\u0161irovaniu po\u010dtu dom\u00e1cich aj zahrani\u010dn\u00fdch dod\u00e1vate\u013eov a pred\u00e1van\u00fdch v\u00fdrobkov. Na\u0161imi odberate\u013emi s\u00fa tuzemsk\u00e9 a zahrani\u010dn\u00e9 siete, nez\u00e1visl\u00fd trh a gastro zariadenia.<\/p>\n<p>Dobr\u00fa pr\u00e1cu ACCOM Slovakia\u00a0ocenili aj\u00a0jej odberatelia. Za rok 2017 si vysl\u00fa\u017eila za spo\u013eahlivos\u0165 v plnen\u00ed obsahu, kvality a v\u010dasnosti z\u00e1v\u00e4zkov zo z\u00e1kaziek verejn\u00e9ho obstar\u00e1vania ocenenie \u201cSpo\u013eahliv\u00fd partner vo verejnom obstar\u00e1van\u00ed\u201d, ktor\u00e9\u00a0bolo udelen\u00e9\u00a0N\u00e1rodn\u00fdm informa\u010dn\u00fdm strediskom Slovenskej republiky\u201d. <a href=\"http:\/\/www.accom.cz\/slovakia\/wp-content\/uploads\/2018\/05\/Spol-partner-2017-ACCOM-Slovakia.pdf\">Certifik\u00e1t je k nahliadnutiu tu<\/a>.<\/p>\n<\/div>\n<\/div>\n","protected":false},"excerpt":{"rendered":"<p>O spolo\u010dnosti ACCOM Slovakia Spolo\u010dnos\u0165 ACCOM Slovakia s.r.o. je \u010dlenom skupiny ACCOM holding, s.r.o. Praha. Vznikla v roku 1993 ako obchodno \u2013 distribu\u010dn\u00e1 spolo\u010dnos\u0165 s hlavn\u00fdm zameran\u00edm na distrib\u00faciu dro\u017edia, v ktorom sa rad\u00ed medzi najv\u00fdznamnej\u0161\u00edch dod\u00e1vate\u013eov na Slovensku. Spolo\u010dnos\u0165 s\u00eddli v Banskej Bystrici s pobo\u010dkou v \u0160amor\u00edne a distribu\u010dne pokr\u00fdva cel\u00e9 \u00fazemie Slovenskej republiky. [&hellip;]<\/p>\n","protected":false},"author":9,"featured_media":0,"parent":0,"menu_order":0,"comment_status":"closed","ping_status":"closed","template":"","meta":[],"acf":[],"_links":{"self":[{"href":"https:\/\/www.accom.cz\/slovakia\/wp-json\/wp\/v2\/pages\/5"}],"collection":[{"href":"https:\/\/www.accom.cz\/slovakia\/wp-json\/wp\/v2\/pages"}],"about":[{"href":"https:\/\/www.accom.cz\/slovakia\/wp-json\/wp\/v2\/types\/page"}],"author":[{"embeddable":true,"href":"https:\/\/www.accom.cz\/slovakia\/wp-json\/wp\/v2\/users\/9"}],"replies":[{"embeddable":true,"href":"https:\/\/www.accom.cz\/slovakia\/wp-json\/wp\/v2\/comments?post=5"}],"version-history":[{"count":9,"href":"https:\/\/www.accom.cz\/slovakia\/wp-json\/wp\/v2\/pages\/5\/revisions"}],"predecessor-version":[{"id":95,"href":"https:\/\/www.accom.cz\/slovakia\/wp-json\/wp\/v2\/pages\/5\/revisions\/95"}],"wp:attachment":[{"href":"https:\/\/www.accom.cz\/slovakia\/wp-json\/wp\/v2\/media?parent=5"}],"curies":[{"name":"wp","href":"https:\/\/api.w.org\/{rel}","templated":true}]}}