{"id":97,"date":"2018-05-24T13:28:17","date_gmt":"2018-05-24T12:28:17","guid":{"rendered":"http:\/\/www.accom.cz\/slovakia\/?page_id=97"},"modified":"2018-05-24T13:28:17","modified_gmt":"2018-05-24T12:28:17","slug":"gdpr","status":"publish","type":"page","link":"https:\/\/www.accom.cz\/slovakia\/gdpr\/","title":{"rendered":"GDPR"},"content":{"rendered":"<h2>OCHRANA OSOBN\u00ddCH \u00daDAJOV<\/h2>\n<p>je v spolo\u010dnosti ACCOM Slovakia s.r.o. zabezpe\u010den\u00e1 v s\u00falade s po\u017eiadavkami Nariadenia Eur\u00f3pskeho parlamentu a Rady (E\u00da) 2016\/679 z 27. apr\u00edla 2016 o ochrane fyzick\u00fdch os\u00f4b pri sprac\u00favan\u00ed osobn\u00fdch \u00fadajov a o vo\u013enom pohybe tak\u00fdchto \u00fadajov a z\u00e1kona \u010d. 18\/2018 Z. z. o ochrane osobn\u00fdch \u00fadajov a o zmene a doplnen\u00ed niektor\u00fdch z\u00e1konov.<\/p>\n<h2>Pr\u00e1va dotknut\u00fdch os\u00f4b<\/h2>\n<p>Dotknut\u00e1 osoba m\u00e1, bez oh\u013eadu na pr\u00e1vny z\u00e1klad sprac\u00favania osobn\u00fdch \u00fadajov, pr\u00e1vo na pr\u00edstup k osobn\u00fdm \u00fadajom, pr\u00e1vo na ich opravu, vymazanie, obmedzenie sprac\u00favania a pr\u00e1vo poda\u0165 s\u0165a\u017enos\u0165 dozorn\u00e9mu org\u00e1nu, ktor\u00fdm je \u00darad na ochranu osobn\u00fdch \u00fadajov Slovenskej republiky, alebo pr\u00e1vo poda\u0165 n\u00e1vrh na za\u010datie konania o ochrane osobn\u00fdch \u00fadajov.<\/p>\n<h2>Plnenie informa\u010dnej povinnosti vo\u010di dotknut\u00fdm osob\u00e1m<\/h2>\n<p>Inform\u00e1cie s\u00favisiace so sprac\u00favan\u00edm osobn\u00fdch \u00fadajov t\u00fdkaj\u00facich sa dotknutej osoby spolo\u010dnos\u0165 ACCOM Slovakia s.r.o. dotknutej osobe poskytuje v \u010dase z\u00edskavania osobn\u00fdch \u00fadajov od dotknutej osoby, alebo ak sa osobn\u00e9 \u00fadaje z\u00edskali z in\u00e9ho zdroja, v primeranej lehote po z\u00edskan\u00ed osobn\u00fdch \u00fadajov v s\u00falade s Nariaden\u00edm a Z\u00e1konom o ochrane osobn\u00fdch \u00fadajov.<\/p>\n<p><strong>Kontaktn\u00e9 \u00fadaje zodpovednej osoby:<\/strong><br \/>\ngdpr@accom.sk<br \/>\n+421484163022<br \/>\nACCOM Slovakia s.r.o., Zvolensk\u00e1 cesta 61, 97405 Bansk\u00e1 Bystrica \u2013 text na ob\u00e1lke \u201eGDPR\u201c<\/p>\n","protected":false},"excerpt":{"rendered":"<p>OCHRANA OSOBN\u00ddCH \u00daDAJOV je v spolo\u010dnosti ACCOM Slovakia s.r.o. zabezpe\u010den\u00e1 v s\u00falade s po\u017eiadavkami Nariadenia Eur\u00f3pskeho parlamentu a Rady (E\u00da) 2016\/679 z 27. apr\u00edla 2016 o ochrane fyzick\u00fdch os\u00f4b pri sprac\u00favan\u00ed osobn\u00fdch \u00fadajov a o vo\u013enom pohybe tak\u00fdchto \u00fadajov a z\u00e1kona \u010d. 18\/2018 Z. z. o ochrane osobn\u00fdch \u00fadajov a o zmene a doplnen\u00ed niektor\u00fdch [&hellip;]<\/p>\n","protected":false},"author":9,"featured_media":0,"parent":0,"menu_order":0,"comment_status":"closed","ping_status":"closed","template":"","meta":[],"acf":[],"_links":{"self":[{"href":"https:\/\/www.accom.cz\/slovakia\/wp-json\/wp\/v2\/pages\/97"}],"collection":[{"href":"https:\/\/www.accom.cz\/slovakia\/wp-json\/wp\/v2\/pages"}],"about":[{"href":"https:\/\/www.accom.cz\/slovakia\/wp-json\/wp\/v2\/types\/page"}],"author":[{"embeddable":true,"href":"https:\/\/www.accom.cz\/slovakia\/wp-json\/wp\/v2\/users\/9"}],"replies":[{"embeddable":true,"href":"https:\/\/www.accom.cz\/slovakia\/wp-json\/wp\/v2\/comments?post=97"}],"version-history":[{"count":1,"href":"https:\/\/www.accom.cz\/slovakia\/wp-json\/wp\/v2\/pages\/97\/revisions"}],"predecessor-version":[{"id":98,"href":"https:\/\/www.accom.cz\/slovakia\/wp-json\/wp\/v2\/pages\/97\/revisions\/98"}],"wp:attachment":[{"href":"https:\/\/www.accom.cz\/slovakia\/wp-json\/wp\/v2\/media?parent=97"}],"curies":[{"name":"wp","href":"https:\/\/api.w.org\/{rel}","templated":true}]}}