{"id":5,"date":"2016-07-12T08:02:55","date_gmt":"2016-07-12T07:02:55","guid":{"rendered":"http:\/\/www.accom.cz\/staj\/?page_id=5"},"modified":"2018-08-30T16:32:48","modified_gmt":"2018-08-30T15:32:48","slug":"profil-spolecnosti","status":"publish","type":"page","link":"https:\/\/www.accom.cz\/staj\/","title":{"rendered":"Profil spole\u010dnosti"},"content":{"rendered":"<div class=\"content\">\n<div class=\"content-in\">\n<h1 id=\"profil\">O spole\u010dnosti St\u00e1j Accom<\/h1>\n<p>St\u00e1j Accom Praha byla zalo\u017eena v roce 2001, jej\u00ed jezdeck\u00fd are\u00e1l byl pak vybudov\u00e1n v roce 2003 u obce T\u0159ebotov jihoz\u00e1padn\u011b od Prahy. Modern\u00ed are\u00e1l disponuje ve\u0161ker\u00fdm vybaven\u00edm pro jezdeck\u00fd sport \u2013 najdeme zde 14 box\u016f, sol\u00e1rium pro kon\u011b, velkou venkovn\u00ed j\u00edzd\u00e1rnu i jezdeckou halu. Ta je z velk\u00e9 \u010d\u00e1sti zapu\u0161t\u011bn\u00e1 do kopce tak, aby nenaru\u0161ovala p\u0159\u00edrodn\u00ed r\u00e1z zdej\u0161\u00ed chr\u00e1n\u011bn\u00e9 krajinn\u00e9 oblasti. K jezdeck\u00e9 hale je p\u0159ipojena prostorn\u00e1 klubovna, kde nechyb\u00ed kule\u010dn\u00edk \u010di squashov\u00fd kurt a p\u0159\u00edmo nad st\u00e1jemi najdeme 3 pokoje pro hosty. Po dohod\u011b je mo\u017eno nab\u00eddnout prostory v\u010detn\u011b ubytov\u00e1n\u00ed k r\u016fzn\u00fdm akc\u00edm jako jsou \u0161kolen\u00ed tren\u00e9r\u016f apod. Je mo\u017eno t\u00e9\u017e poskytnout individu\u00e1ln\u00ed v\u00fdcvik parkurov\u00e9ho sk\u00e1k\u00e1n\u00ed i drezury.<\/p>\n<p>V sou\u010dasn\u00e9 dob\u011b je ve vlastnictv\u00ed St\u00e1je Accom Praha 13 kon\u00ed. 5 z nich je ust\u00e1jeno p\u0159\u00edmo v are\u00e1lu a jedn\u00e1 se o parkurov\u00e9 kon\u011b. V p\u0159\u00edpad\u011b zbyl\u00fdch osmi jde o chovn\u00e9 kobyly s h\u0159\u00edbaty, kter\u00e9 jsou um\u00edst\u011bny na pastvin\u00e1ch v dal\u0161\u00edch koutech \u010cR. Zbyl\u00e1 m\u00edsta ve st\u00e1ji obsadili kon\u011b r\u016fzn\u00fdch majitel\u016f. Are\u00e1l m\u00e1 na starosti vedle jedn\u00e9 podkon\u00ed pracovn\u00ed jezdec Libor Helebrant. Tren\u00e9rkou je Laura Helebrantov\u00e1. Hlavn\u00edmi jezdkyn\u011bmi st\u00e1je byly od jej\u00edho zalo\u017een\u00ed sestry Krajn\u00edkovy. Star\u0161\u00ed Hana d\u00e1v\u00e1 v posledn\u00edch letech p\u0159ednost kari\u00e9\u0159e a jin\u00fdm sport\u016fm a tak je dnes p\u0159edn\u00ed reprezentantkou st\u00e1je p\u0159edev\u0161\u00edm mlad\u0161\u00ed Veronika. Ta se svou nejlep\u0161\u00ed klisnou Cik\u00e1dou z\u00edskala v kategorii mlad\u00fdch jezdc\u016f dvakr\u00e1t zlatou medaili na M\u010cR a byla dvojn\u00e1sobnou \u00fa\u010dastnic\u00ed na ME junior\u016f a mlad\u00fdch jezdc\u016f. \u00dasp\u011bchy sb\u00edr\u00e1 Veronika i v sedle sv\u00fdch ostatn\u00edch kon\u00ed. Nejlep\u0161\u00edho um\u00edst\u011bn\u00ed v \u017eeb\u0159\u00ed\u010dku parkurov\u00fdch jezdc\u016f \u010cesk\u00e9 republiky dos\u00e1hla v roce 2009 &#8211; jednalo se o dev\u00e1t\u00e9 m\u00edsto.<\/p>\n<\/div>\n<\/div>\n","protected":false},"excerpt":{"rendered":"<p>O spole\u010dnosti St\u00e1j Accom St\u00e1j Accom Praha byla zalo\u017eena v roce 2001, jej\u00ed jezdeck\u00fd are\u00e1l byl pak vybudov\u00e1n v roce 2003 u obce T\u0159ebotov jihoz\u00e1padn\u011b od Prahy. Modern\u00ed are\u00e1l disponuje ve\u0161ker\u00fdm vybaven\u00edm pro jezdeck\u00fd sport \u2013 najdeme zde 14 box\u016f, sol\u00e1rium pro kon\u011b, velkou venkovn\u00ed j\u00edzd\u00e1rnu i jezdeckou halu. Ta je z velk\u00e9 \u010d\u00e1sti zapu\u0161t\u011bn\u00e1 [&hellip;]<\/p>\n","protected":false},"author":3,"featured_media":0,"parent":0,"menu_order":0,"comment_status":"closed","ping_status":"closed","template":"","meta":[],"_links":{"self":[{"href":"https:\/\/www.accom.cz\/staj\/wp-json\/wp\/v2\/pages\/5"}],"collection":[{"href":"https:\/\/www.accom.cz\/staj\/wp-json\/wp\/v2\/pages"}],"about":[{"href":"https:\/\/www.accom.cz\/staj\/wp-json\/wp\/v2\/types\/page"}],"author":[{"embeddable":true,"href":"https:\/\/www.accom.cz\/staj\/wp-json\/wp\/v2\/users\/3"}],"replies":[{"embeddable":true,"href":"https:\/\/www.accom.cz\/staj\/wp-json\/wp\/v2\/comments?post=5"}],"version-history":[{"count":3,"href":"https:\/\/www.accom.cz\/staj\/wp-json\/wp\/v2\/pages\/5\/revisions"}],"predecessor-version":[{"id":59,"href":"https:\/\/www.accom.cz\/staj\/wp-json\/wp\/v2\/pages\/5\/revisions\/59"}],"wp:attachment":[{"href":"https:\/\/www.accom.cz\/staj\/wp-json\/wp\/v2\/media?parent=5"}],"curies":[{"name":"wp","href":"https:\/\/api.w.org\/{rel}","templated":true}]}}